{"id":1496,"date":"2020-01-07T09:09:07","date_gmt":"2020-01-07T09:09:07","guid":{"rendered":"http:\/\/wpdemo.archiwp.com\/engitech\/?page_id=1496"},"modified":"2024-11-02T12:29:13","modified_gmt":"2024-11-02T11:29:13","slug":"consulenza-wisp","status":"publish","type":"page","link":"https:\/\/troccolisistemi.com\/index.php\/consulenza-wisp\/","title":{"rendered":"CONSULENZA"},"content":{"rendered":"\t\t<div data-elementor-type=\"wp-page\" data-elementor-id=\"1496\" class=\"elementor elementor-1496\">\n\t\t\t\t\t\t<section class=\"elementor-section elementor-top-section elementor-element elementor-element-96895f0 ot-traditional elementor-section-boxed elementor-section-height-default elementor-section-height-default\" data-id=\"96895f0\" data-element_type=\"section\">\n\t\t\t\t\t\t<div class=\"elementor-container elementor-column-gap-default\">\n\t\t\t\t\t<div class=\"elementor-column elementor-col-100 elementor-top-column elementor-element elementor-element-7071f49 ot-flex-column-vertical\" data-id=\"7071f49\" data-element_type=\"column\">\n\t\t\t<div class=\"elementor-widget-wrap elementor-element-populated\">\n\t\t\t\t\t\t<div class=\"elementor-element elementor-element-4adef98 elementor-widget elementor-widget-iheading\" data-id=\"4adef98\" data-element_type=\"widget\" data-widget_type=\"iheading.default\">\n\t\t\t\t<div class=\"elementor-widget-container\">\n\t\t\t\t\t<div class=\"ot-heading\">\r\n\t        \t            <span>SERVIZI<\/span>\r\n\t        <h2 class=\"main-heading\">CONSULENZA E <br>REALIZZAZIONE INFRASTRUTTURE<\/h2>\t    <\/div>\r\n\t    \t\t<\/div>\n\t\t\t\t<\/div>\n\t\t\t\t<div class=\"elementor-element elementor-element-86e014d elementor-widget elementor-widget-iheading\" data-id=\"86e014d\" data-element_type=\"widget\" data-widget_type=\"iheading.default\">\n\t\t\t\t<div class=\"elementor-widget-container\">\n\t\t\t\t\t<div class=\"ot-heading\">\r\n\t        <h2 class=\"main-heading\">CONSULENZA MIKROTIK<\/h2>\t    <\/div>\r\n\t    \t\t<\/div>\n\t\t\t\t<\/div>\n\t\t\t\t<section class=\"elementor-section elementor-inner-section elementor-element elementor-element-e342bf4 elementor-section-full_width ot-layout_block elementor-section-height-default elementor-section-height-default\" data-id=\"e342bf4\" data-element_type=\"section\">\n\t\t\t\t\t\t<div class=\"elementor-container elementor-column-gap-default\">\n\t\t\t\t\t<div class=\"elementor-column elementor-col-33 elementor-inner-column elementor-element elementor-element-1cfb801 ot-flex-column-vertical\" data-id=\"1cfb801\" data-element_type=\"column\">\n\t\t\t<div class=\"elementor-widget-wrap elementor-element-populated\">\n\t\t\t\t\t\t<div class=\"elementor-element elementor-element-c876987 elementor-widget elementor-widget-iiconbox2\" data-id=\"c876987\" data-element_type=\"widget\" data-widget_type=\"iiconbox2.default\">\n\t\t\t\t<div class=\"elementor-widget-container\">\n\t\t\t\t\t<div class=\"icon-box-s2 s2\">\r\n\t\t\t<div class=\"icon-main\">\r\n\t\t        \t\t\t    \t\t        <span class=\"flaticon-world-globe\"><\/span>\t\t        \t        <\/div>\r\n\t        <div class=\"content-box\">\r\n\t            <h5><a href=\"http:\/\/wpdemo.archiwp.com\/engitech\/web-development\/\">Progettazione reti<\/a><\/h5>\r\n\t            <p>Progettiamo e realizziamo reti locali e geografiche di qualsiasi dimensione, utilizzando le tecnologie pi\u00f9 avanzate ed efficienti disponibili sul mercato.<\/p>\r\n\t        <\/div>\r\n\t    <\/div>\r\n\t    \t\t<\/div>\n\t\t\t\t<\/div>\n\t\t\t\t<div class=\"elementor-element elementor-element-ea2cd59 elementor-widget elementor-widget-iiconbox2\" data-id=\"ea2cd59\" data-element_type=\"widget\" data-widget_type=\"iiconbox2.default\">\n\t\t\t\t<div class=\"elementor-widget-container\">\n\t\t\t\t\t<div class=\"icon-box-s2 s2\">\r\n\t\t\t<div class=\"icon-main\">\r\n\t\t        \t\t\t    \t\t        <span class=\"flaticon-browser\"><\/span>\t\t        \t        <\/div>\r\n\t        <div class=\"content-box\">\r\n\t            <h5>Software e sistemi cloud<\/h5>\r\n\t            <p>Se le funzionalit\u00e0 ricercate dal cliente non sono gi\u00e0 disponibili nelle nostre soluzioni \u00e8 possibile richiedere un prodotto su misura per ogni esigenza.\n<br><br><br><\/p>\r\n\t        <\/div>\r\n\t    <\/div>\r\n\t    \t\t<\/div>\n\t\t\t\t<\/div>\n\t\t\t\t\t<\/div>\n\t\t<\/div>\n\t\t\t\t<div class=\"elementor-column elementor-col-33 elementor-inner-column elementor-element elementor-element-b85c0ec ot-flex-column-vertical\" data-id=\"b85c0ec\" data-element_type=\"column\">\n\t\t\t<div class=\"elementor-widget-wrap elementor-element-populated\">\n\t\t\t\t\t\t<div class=\"elementor-element elementor-element-358f8b3 elementor-widget elementor-widget-iiconbox2\" data-id=\"358f8b3\" data-element_type=\"widget\" data-widget_type=\"iiconbox2.default\">\n\t\t\t\t<div class=\"elementor-widget-container\">\n\t\t\t\t\t<div class=\"icon-box-s2 s2\">\r\n\t\t\t<div class=\"icon-main\">\r\n\t\t        \t\t\t    \t\t        <span class=\"flaticon-phone\"><\/span>\t\t        \t        <\/div>\r\n\t        <div class=\"content-box\">\r\n\t            <h5>VoIP<\/h5>\r\n\t            <p>Realizzazione di infrastrutture VoIP per ISP e aziende\n<br><br><br><\/p>\r\n\t        <\/div>\r\n\t    <\/div>\r\n\t    \t\t<\/div>\n\t\t\t\t<\/div>\n\t\t\t\t<div class=\"elementor-element elementor-element-ba8b82b elementor-widget elementor-widget-iiconbox2\" data-id=\"ba8b82b\" data-element_type=\"widget\" data-widget_type=\"iiconbox2.default\">\n\t\t\t\t<div class=\"elementor-widget-container\">\n\t\t\t\t\t<div class=\"icon-box-s2 s2\">\r\n\t\t\t<div class=\"icon-main\">\r\n\t\t        \t\t\t    \t\t        <span class=\"flaticon-report\"><\/span>\t\t        \t        <\/div>\r\n\t        <div class=\"content-box\">\r\n\t            <h5><a href=\"http:\/\/wpdemo.archiwp.com\/engitech\/mobile-development\/\">Consulenza ISP<\/a><\/h5>\r\n\t            <p>Per tutte le esigenze sia tecniche che burocratiche (pratiche per il Ministero ecc.) degli Internet Service Provider \u00e8 possibile richiedere delle consulenze sia on site che da remoto.\n<br><br><\/p>\r\n\t        <\/div>\r\n\t    <\/div>\r\n\t    \t\t<\/div>\n\t\t\t\t<\/div>\n\t\t\t\t\t<\/div>\n\t\t<\/div>\n\t\t\t\t<div class=\"elementor-column elementor-col-33 elementor-inner-column elementor-element elementor-element-9bac110 ot-flex-column-vertical\" data-id=\"9bac110\" data-element_type=\"column\">\n\t\t\t<div class=\"elementor-widget-wrap elementor-element-populated\">\n\t\t\t\t\t\t<div class=\"elementor-element elementor-element-7deadcf elementor-widget__width-initial elementor-widget elementor-widget-iiconbox2\" data-id=\"7deadcf\" data-element_type=\"widget\" data-widget_type=\"iiconbox2.default\">\n\t\t\t\t<div class=\"elementor-widget-container\">\n\t\t\t\t\t<div class=\"icon-box-s2 s2\">\r\n\t\t\t<div class=\"icon-main\">\r\n\t\t        \t\t\t    \t\t        <span class=\"flaticon-medal\"><\/span>\t\t        \t        <\/div>\r\n\t        <div class=\"content-box\">\r\n\t            <h5>Formazione<\/h5>\r\n\t            <p>Corsi realizzati AD HOC su tutte le tecnologie per reti e datacenter\n<br><br><br><\/p>\r\n\t        <\/div>\r\n\t    <\/div>\r\n\t    \t\t<\/div>\n\t\t\t\t<\/div>\n\t\t\t\t<div class=\"elementor-element elementor-element-f973fe7 elementor-widget elementor-widget-iiconbox2\" data-id=\"f973fe7\" data-element_type=\"widget\" data-widget_type=\"iiconbox2.default\">\n\t\t\t\t<div class=\"elementor-widget-container\">\n\t\t\t\t\t<div class=\"icon-box-s2 s2\">\r\n\t\t\t<div class=\"icon-main\">\r\n\t\t        \t\t\t    \t\t        <span class=\"flaticon-monitor\"><\/span>\t\t        \t        <\/div>\r\n\t        <div class=\"content-box\">\r\n\t            <h5>Sistemi di accesso e Hotspot WiFi<\/h5>\r\n\t            <p>Soluzioni per la fornitura di connettivit\u00e0 internet via WiFi adatti a tutti i tipi di connessioni presenti dal cliente. Sistemi di login personalizzati e database interfacciabili con i software gi\u00e0 presenti.<\/p>\r\n\t        <\/div>\r\n\t    <\/div>\r\n\t    \t\t<\/div>\n\t\t\t\t<\/div>\n\t\t\t\t\t<\/div>\n\t\t<\/div>\n\t\t\t\t\t<\/div>\n\t\t<\/section>\n\t\t\t\t\t<\/div>\n\t\t<\/div>\n\t\t\t\t\t<\/div>\n\t\t<\/section>\n\t\t\t\t<section class=\"elementor-section elementor-top-section elementor-element elementor-element-f7ffdaf elementor-section-full_width ot-traditional elementor-section-height-default elementor-section-height-default\" data-id=\"f7ffdaf\" data-element_type=\"section\" data-settings=\"{&quot;background_background&quot;:&quot;classic&quot;}\">\n\t\t\t\t\t\t<div class=\"elementor-container elementor-column-gap-extended\">\n\t\t\t\t\t<div class=\"elementor-column elementor-col-50 elementor-top-column elementor-element elementor-element-28a66d7 ot-flex-column-vertical\" data-id=\"28a66d7\" data-element_type=\"column\">\n\t\t\t<div class=\"elementor-widget-wrap elementor-element-populated\">\n\t\t\t\t\t\t<div class=\"elementor-element elementor-element-81d1ad9 elementor-widget elementor-widget-image\" data-id=\"81d1ad9\" data-element_type=\"widget\" data-widget_type=\"image.default\">\n\t\t\t\t<div class=\"elementor-widget-container\">\n\t\t\t<style>\/*! elementor - v3.19.0 - 07-02-2024 *\/\n.elementor-widget-image{text-align:center}.elementor-widget-image a{display:inline-block}.elementor-widget-image a img[src$=\".svg\"]{width:48px}.elementor-widget-image img{vertical-align:middle;display:inline-block}<\/style>\t\t\t\t\t\t\t\t\t\t<img fetchpriority=\"high\" decoding=\"async\" width=\"1024\" height=\"859\" src=\"https:\/\/troccolisistemi.com\/wp-content\/uploads\/2024\/08\/Screenshot-2024-08-16-at-165419_enhanced-1024x859.png\" class=\"attachment-large size-large wp-image-5199\" alt=\"\" srcset=\"https:\/\/troccolisistemi.com\/wp-content\/uploads\/2024\/08\/Screenshot-2024-08-16-at-165419_enhanced-1024x859.png 1024w, https:\/\/troccolisistemi.com\/wp-content\/uploads\/2024\/08\/Screenshot-2024-08-16-at-165419_enhanced-300x252.png 300w, https:\/\/troccolisistemi.com\/wp-content\/uploads\/2024\/08\/Screenshot-2024-08-16-at-165419_enhanced-768x645.png 768w, https:\/\/troccolisistemi.com\/wp-content\/uploads\/2024\/08\/Screenshot-2024-08-16-at-165419_enhanced-720x604.png 720w, https:\/\/troccolisistemi.com\/wp-content\/uploads\/2024\/08\/Screenshot-2024-08-16-at-165419_enhanced.png 1500w\" sizes=\"(max-width: 1024px) 100vw, 1024px\" \/>\t\t\t\t\t\t\t\t\t\t\t\t\t<\/div>\n\t\t\t\t<\/div>\n\t\t\t\t\t<\/div>\n\t\t<\/div>\n\t\t\t\t<div class=\"elementor-column elementor-col-50 elementor-top-column elementor-element elementor-element-6665190 ot-flex-column-vertical\" data-id=\"6665190\" data-element_type=\"column\">\n\t\t\t<div class=\"elementor-widget-wrap elementor-element-populated\">\n\t\t\t\t\t\t<div class=\"elementor-element elementor-element-5c56f12 elementor-widget elementor-widget-iheading\" data-id=\"5c56f12\" data-element_type=\"widget\" data-widget_type=\"iheading.default\">\n\t\t\t\t<div class=\"elementor-widget-container\">\n\t\t\t\t\t<div class=\"ot-heading\">\r\n\t        \t            <span>\/\/ NETWORKING A 360\u00b0<\/span>\r\n\t        <h2 class=\"main-heading\">I tuoi consulenti di fiducia<\/h2>\t    <\/div>\r\n\t    \t\t<\/div>\n\t\t\t\t<\/div>\n\t\t\t\t<div class=\"elementor-element elementor-element-ae59a69 elementor-widget elementor-widget-text-editor\" data-id=\"ae59a69\" data-element_type=\"widget\" data-widget_type=\"text-editor.default\">\n\t\t\t\t<div class=\"elementor-widget-container\">\n\t\t\t<style>\/*! elementor - v3.19.0 - 07-02-2024 *\/\n.elementor-widget-text-editor.elementor-drop-cap-view-stacked .elementor-drop-cap{background-color:#69727d;color:#fff}.elementor-widget-text-editor.elementor-drop-cap-view-framed .elementor-drop-cap{color:#69727d;border:3px solid;background-color:transparent}.elementor-widget-text-editor:not(.elementor-drop-cap-view-default) .elementor-drop-cap{margin-top:8px}.elementor-widget-text-editor:not(.elementor-drop-cap-view-default) .elementor-drop-cap-letter{width:1em;height:1em}.elementor-widget-text-editor .elementor-drop-cap{float:left;text-align:center;line-height:1;font-size:50px}.elementor-widget-text-editor .elementor-drop-cap-letter{display:inline-block}<\/style>\t\t\t\t<p>Seguiamo il cliente in ogni fase dei progetti, fornendo assistenza continuativa e monitoraggio proattivo per garantire in ogni momento il perfetto funzionamento delle infrastrutture.<\/p>\t\t\t\t\t\t<\/div>\n\t\t\t\t<\/div>\n\t\t\t\t<section class=\"elementor-section elementor-inner-section elementor-element elementor-element-57af9e5 elementor-section-full_width ot-traditional elementor-section-height-default elementor-section-height-default\" data-id=\"57af9e5\" data-element_type=\"section\">\n\t\t\t\t\t\t<div class=\"elementor-container elementor-column-gap-extended\">\n\t\t\t\t\t<div class=\"elementor-column elementor-col-50 elementor-inner-column elementor-element elementor-element-a8a9a48 ot-flex-column-vertical\" data-id=\"a8a9a48\" data-element_type=\"column\">\n\t\t\t<div class=\"elementor-widget-wrap elementor-element-populated\">\n\t\t\t\t\t\t<div class=\"elementor-element elementor-element-b90ddea elementor-widget elementor-widget-iiconbox1\" data-id=\"b90ddea\" data-element_type=\"widget\" data-widget_type=\"iiconbox1.default\">\n\t\t\t\t<div class=\"elementor-widget-container\">\n\t\t\t\t\t<div class=\"icon-box-s1\">\r\n\t\t\t<div class=\"icon-main\">\r\n\t\t        \t\t\t    \t\t        <span class=\"flaticon-gear\"><\/span>\t        <\/div>\r\n\t        <h5>Supporto per tutti i maggiori brand<\/h5>\r\n\t        <div class=\"line-box\"><\/div>\r\n\t        <p>Certificazioni e partnership Mikrotik, Cisco e Huawei<\/p>\r\n\t    <\/div>\r\n\t    \t\t<\/div>\n\t\t\t\t<\/div>\n\t\t\t\t\t<\/div>\n\t\t<\/div>\n\t\t\t\t<div class=\"elementor-column elementor-col-50 elementor-inner-column elementor-element elementor-element-e0a9c03 ot-flex-column-vertical\" data-id=\"e0a9c03\" data-element_type=\"column\">\n\t\t\t<div class=\"elementor-widget-wrap elementor-element-populated\">\n\t\t\t\t\t\t<div class=\"elementor-element elementor-element-a3f7242 elementor-widget elementor-widget-iiconbox1\" data-id=\"a3f7242\" data-element_type=\"widget\" data-widget_type=\"iiconbox1.default\">\n\t\t\t\t<div class=\"elementor-widget-container\">\n\t\t\t\t\t<div class=\"icon-box-s1\">\r\n\t\t\t<div class=\"icon-main\">\r\n\t\t        \t\t\t    \t\t        <span class=\"flaticon-code\"><\/span>\t        <\/div>\r\n\t        <h5>Soluzioni software per le TELCO<\/h5>\r\n\t        <div class=\"line-box\"><\/div>\r\n\t        <p>Suite di software per la gestione delle reti con possibilit\u00e0 di personalizzazione<\/p>\r\n\t    <\/div>\r\n\t    \t\t<\/div>\n\t\t\t\t<\/div>\n\t\t\t\t\t<\/div>\n\t\t<\/div>\n\t\t\t\t\t<\/div>\n\t\t<\/section>\n\t\t\t\t\t<\/div>\n\t\t<\/div>\n\t\t\t\t\t<\/div>\n\t\t<\/section>\n\t\t\t\t<section class=\"elementor-section elementor-top-section elementor-element elementor-element-7af70df ot-traditional elementor-section-boxed elementor-section-height-default elementor-section-height-default\" data-id=\"7af70df\" data-element_type=\"section\" data-settings=\"{&quot;background_background&quot;:&quot;classic&quot;}\">\n\t\t\t\t\t\t<div class=\"elementor-container elementor-column-gap-default\">\n\t\t\t\t\t<div class=\"elementor-column elementor-col-100 elementor-top-column elementor-element elementor-element-edd21c1 ot-flex-column-vertical\" data-id=\"edd21c1\" data-element_type=\"column\">\n\t\t\t<div class=\"elementor-widget-wrap elementor-element-populated\">\n\t\t\t\t\t\t<div class=\"elementor-element elementor-element-a5301d3 elementor-widget elementor-widget-iheading\" data-id=\"a5301d3\" data-element_type=\"widget\" data-widget_type=\"iheading.default\">\n\t\t\t\t<div class=\"elementor-widget-container\">\n\t\t\t\t\t<div class=\"ot-heading\">\r\n\t        <h2 class=\"main-heading\">Soluzioni all'avanguardia\n<br>per le tue reti<\/h2>\t    <\/div>\r\n\t    \t\t<\/div>\n\t\t\t\t<\/div>\n\t\t\t\t\t<\/div>\n\t\t<\/div>\n\t\t\t\t\t<\/div>\n\t\t<\/section>\n\t\t\t\t<\/div>\n\t\t","protected":false},"excerpt":{"rendered":"<p>SERVIZI CONSULENZA E REALIZZAZIONE INFRASTRUTTURE CONSULENZA MIKROTIK Progettazione reti Progettiamo e realizziamo reti locali e geografiche di qualsiasi dimensione, utilizzando le tecnologie pi\u00f9 avanzate ed efficienti disponibili sul mercato. Software e sistemi cloud Se le funzionalit\u00e0 ricercate dal cliente non sono gi\u00e0 disponibili nelle nostre soluzioni \u00e8 possibile richiedere un prodotto su misura per ogni [&hellip;]<\/p>\n","protected":false},"author":1,"featured_media":0,"parent":0,"menu_order":0,"comment_status":"closed","ping_status":"closed","template":"","meta":{"footnotes":""},"class_list":["post-1496","page","type-page","status-publish","hentry"],"yoast_head":"<!-- This site is optimized with the Yoast SEO plugin v23.3 - https:\/\/yoast.com\/wordpress\/plugins\/seo\/ -->\n<title>CONSULENZA - TSI<\/title>\n<meta name=\"description\" content=\"Consulenza WISP, ISP e aziende. Progettazione, VoIP, formazione e software per il mondo telco.\" \/>\n<meta name=\"robots\" content=\"index, follow, max-snippet:-1, max-image-preview:large, max-video-preview:-1\" \/>\n<link rel=\"canonical\" href=\"https:\/\/troccolisistemi.com\/index.php\/consulenza-wisp\/\" \/>\n<meta property=\"og:locale\" content=\"en_US\" \/>\n<meta property=\"og:type\" content=\"article\" \/>\n<meta property=\"og:title\" content=\"CONSULENZA - TSI\" \/>\n<meta property=\"og:description\" content=\"Consulenza WISP, ISP e aziende. Progettazione, VoIP, formazione e software per il mondo telco.\" \/>\n<meta property=\"og:url\" content=\"https:\/\/troccolisistemi.com\/index.php\/consulenza-wisp\/\" \/>\n<meta property=\"og:site_name\" content=\"TSI\" \/>\n<meta property=\"article:publisher\" content=\"https:\/\/www.facebook.com\/troccolisistemiintegrati\" \/>\n<meta property=\"article:modified_time\" content=\"2024-11-02T11:29:13+00:00\" \/>\n<meta property=\"og:image\" content=\"https:\/\/troccolisistemi.com\/wp-content\/uploads\/2024\/08\/Screenshot-2024-08-16-at-165419_enhanced-1024x859.png\" \/>\n<meta name=\"twitter:card\" content=\"summary_large_image\" \/>\n<meta name=\"twitter:label1\" content=\"Est. reading time\" \/>\n\t<meta name=\"twitter:data1\" content=\"2 minutes\" \/>\n<script type=\"application\/ld+json\" class=\"yoast-schema-graph\">{\"@context\":\"https:\/\/schema.org\",\"@graph\":[{\"@type\":\"WebPage\",\"@id\":\"https:\/\/troccolisistemi.com\/index.php\/consulenza-wisp\/\",\"url\":\"https:\/\/troccolisistemi.com\/index.php\/consulenza-wisp\/\",\"name\":\"CONSULENZA - TSI\",\"isPartOf\":{\"@id\":\"https:\/\/troccolisistemi.com\/#website\"},\"primaryImageOfPage\":{\"@id\":\"https:\/\/troccolisistemi.com\/index.php\/consulenza-wisp\/#primaryimage\"},\"image\":{\"@id\":\"https:\/\/troccolisistemi.com\/index.php\/consulenza-wisp\/#primaryimage\"},\"thumbnailUrl\":\"https:\/\/troccolisistemi.com\/wp-content\/uploads\/2024\/08\/Screenshot-2024-08-16-at-165419_enhanced-1024x859.png\",\"datePublished\":\"2020-01-07T09:09:07+00:00\",\"dateModified\":\"2024-11-02T11:29:13+00:00\",\"description\":\"Consulenza WISP, ISP e aziende. Progettazione, VoIP, formazione e software per il mondo telco.\",\"breadcrumb\":{\"@id\":\"https:\/\/troccolisistemi.com\/index.php\/consulenza-wisp\/#breadcrumb\"},\"inLanguage\":\"en-US\",\"potentialAction\":[{\"@type\":\"ReadAction\",\"target\":[\"https:\/\/troccolisistemi.com\/index.php\/consulenza-wisp\/\"]}]},{\"@type\":\"ImageObject\",\"inLanguage\":\"en-US\",\"@id\":\"https:\/\/troccolisistemi.com\/index.php\/consulenza-wisp\/#primaryimage\",\"url\":\"https:\/\/troccolisistemi.com\/wp-content\/uploads\/2024\/08\/Screenshot-2024-08-16-at-165419_enhanced.png\",\"contentUrl\":\"https:\/\/troccolisistemi.com\/wp-content\/uploads\/2024\/08\/Screenshot-2024-08-16-at-165419_enhanced.png\",\"width\":1500,\"height\":1259},{\"@type\":\"BreadcrumbList\",\"@id\":\"https:\/\/troccolisistemi.com\/index.php\/consulenza-wisp\/#breadcrumb\",\"itemListElement\":[{\"@type\":\"ListItem\",\"position\":1,\"name\":\"Home\",\"item\":\"https:\/\/troccolisistemi.com\/\"},{\"@type\":\"ListItem\",\"position\":2,\"name\":\"CONSULENZA\"}]},{\"@type\":\"WebSite\",\"@id\":\"https:\/\/troccolisistemi.com\/#website\",\"url\":\"https:\/\/troccolisistemi.com\/\",\"name\":\"TSI\",\"description\":\"I tuoi consulenti di fiducia\",\"publisher\":{\"@id\":\"https:\/\/troccolisistemi.com\/#organization\"},\"potentialAction\":[{\"@type\":\"SearchAction\",\"target\":{\"@type\":\"EntryPoint\",\"urlTemplate\":\"https:\/\/troccolisistemi.com\/?s={search_term_string}\"},\"query-input\":\"required name=search_term_string\"}],\"inLanguage\":\"en-US\"},{\"@type\":\"Organization\",\"@id\":\"https:\/\/troccolisistemi.com\/#organization\",\"name\":\"Troccoli Sistemi Integrati\",\"url\":\"https:\/\/troccolisistemi.com\/\",\"logo\":{\"@type\":\"ImageObject\",\"inLanguage\":\"en-US\",\"@id\":\"https:\/\/troccolisistemi.com\/#\/schema\/logo\/image\/\",\"url\":\"https:\/\/troccoli.xyz\/wp-content\/uploads\/2024\/02\/TSI-Logo.png\",\"contentUrl\":\"https:\/\/troccoli.xyz\/wp-content\/uploads\/2024\/02\/TSI-Logo.png\",\"width\":599,\"height\":599,\"caption\":\"Troccoli Sistemi Integrati\"},\"image\":{\"@id\":\"https:\/\/troccolisistemi.com\/#\/schema\/logo\/image\/\"},\"sameAs\":[\"https:\/\/www.facebook.com\/troccolisistemiintegrati\",\"https:\/\/www.linkedin.com\/company\/11101118\"]}]}<\/script>\n<!-- \/ Yoast SEO plugin. -->","yoast_head_json":{"title":"CONSULENZA - TSI","description":"Consulenza WISP, ISP e aziende. Progettazione, VoIP, formazione e software per il mondo telco.","robots":{"index":"index","follow":"follow","max-snippet":"max-snippet:-1","max-image-preview":"max-image-preview:large","max-video-preview":"max-video-preview:-1"},"canonical":"https:\/\/troccolisistemi.com\/index.php\/consulenza-wisp\/","og_locale":"en_US","og_type":"article","og_title":"CONSULENZA - TSI","og_description":"Consulenza WISP, ISP e aziende. Progettazione, VoIP, formazione e software per il mondo telco.","og_url":"https:\/\/troccolisistemi.com\/index.php\/consulenza-wisp\/","og_site_name":"TSI","article_publisher":"https:\/\/www.facebook.com\/troccolisistemiintegrati","article_modified_time":"2024-11-02T11:29:13+00:00","og_image":[{"url":"https:\/\/troccolisistemi.com\/wp-content\/uploads\/2024\/08\/Screenshot-2024-08-16-at-165419_enhanced-1024x859.png"}],"twitter_card":"summary_large_image","twitter_misc":{"Est. reading time":"2 minutes"},"schema":{"@context":"https:\/\/schema.org","@graph":[{"@type":"WebPage","@id":"https:\/\/troccolisistemi.com\/index.php\/consulenza-wisp\/","url":"https:\/\/troccolisistemi.com\/index.php\/consulenza-wisp\/","name":"CONSULENZA - TSI","isPartOf":{"@id":"https:\/\/troccolisistemi.com\/#website"},"primaryImageOfPage":{"@id":"https:\/\/troccolisistemi.com\/index.php\/consulenza-wisp\/#primaryimage"},"image":{"@id":"https:\/\/troccolisistemi.com\/index.php\/consulenza-wisp\/#primaryimage"},"thumbnailUrl":"https:\/\/troccolisistemi.com\/wp-content\/uploads\/2024\/08\/Screenshot-2024-08-16-at-165419_enhanced-1024x859.png","datePublished":"2020-01-07T09:09:07+00:00","dateModified":"2024-11-02T11:29:13+00:00","description":"Consulenza WISP, ISP e aziende. Progettazione, VoIP, formazione e software per il mondo telco.","breadcrumb":{"@id":"https:\/\/troccolisistemi.com\/index.php\/consulenza-wisp\/#breadcrumb"},"inLanguage":"en-US","potentialAction":[{"@type":"ReadAction","target":["https:\/\/troccolisistemi.com\/index.php\/consulenza-wisp\/"]}]},{"@type":"ImageObject","inLanguage":"en-US","@id":"https:\/\/troccolisistemi.com\/index.php\/consulenza-wisp\/#primaryimage","url":"https:\/\/troccolisistemi.com\/wp-content\/uploads\/2024\/08\/Screenshot-2024-08-16-at-165419_enhanced.png","contentUrl":"https:\/\/troccolisistemi.com\/wp-content\/uploads\/2024\/08\/Screenshot-2024-08-16-at-165419_enhanced.png","width":1500,"height":1259},{"@type":"BreadcrumbList","@id":"https:\/\/troccolisistemi.com\/index.php\/consulenza-wisp\/#breadcrumb","itemListElement":[{"@type":"ListItem","position":1,"name":"Home","item":"https:\/\/troccolisistemi.com\/"},{"@type":"ListItem","position":2,"name":"CONSULENZA"}]},{"@type":"WebSite","@id":"https:\/\/troccolisistemi.com\/#website","url":"https:\/\/troccolisistemi.com\/","name":"TSI","description":"I tuoi consulenti di fiducia","publisher":{"@id":"https:\/\/troccolisistemi.com\/#organization"},"potentialAction":[{"@type":"SearchAction","target":{"@type":"EntryPoint","urlTemplate":"https:\/\/troccolisistemi.com\/?s={search_term_string}"},"query-input":"required name=search_term_string"}],"inLanguage":"en-US"},{"@type":"Organization","@id":"https:\/\/troccolisistemi.com\/#organization","name":"Troccoli Sistemi Integrati","url":"https:\/\/troccolisistemi.com\/","logo":{"@type":"ImageObject","inLanguage":"en-US","@id":"https:\/\/troccolisistemi.com\/#\/schema\/logo\/image\/","url":"https:\/\/troccoli.xyz\/wp-content\/uploads\/2024\/02\/TSI-Logo.png","contentUrl":"https:\/\/troccoli.xyz\/wp-content\/uploads\/2024\/02\/TSI-Logo.png","width":599,"height":599,"caption":"Troccoli Sistemi Integrati"},"image":{"@id":"https:\/\/troccolisistemi.com\/#\/schema\/logo\/image\/"},"sameAs":["https:\/\/www.facebook.com\/troccolisistemiintegrati","https:\/\/www.linkedin.com\/company\/11101118"]}]}},"_links":{"self":[{"href":"https:\/\/troccolisistemi.com\/index.php\/wp-json\/wp\/v2\/pages\/1496","targetHints":{"allow":["GET"]}}],"collection":[{"href":"https:\/\/troccolisistemi.com\/index.php\/wp-json\/wp\/v2\/pages"}],"about":[{"href":"https:\/\/troccolisistemi.com\/index.php\/wp-json\/wp\/v2\/types\/page"}],"author":[{"embeddable":true,"href":"https:\/\/troccolisistemi.com\/index.php\/wp-json\/wp\/v2\/users\/1"}],"replies":[{"embeddable":true,"href":"https:\/\/troccolisistemi.com\/index.php\/wp-json\/wp\/v2\/comments?post=1496"}],"version-history":[{"count":40,"href":"https:\/\/troccolisistemi.com\/index.php\/wp-json\/wp\/v2\/pages\/1496\/revisions"}],"predecessor-version":[{"id":5366,"href":"https:\/\/troccolisistemi.com\/index.php\/wp-json\/wp\/v2\/pages\/1496\/revisions\/5366"}],"wp:attachment":[{"href":"https:\/\/troccolisistemi.com\/index.php\/wp-json\/wp\/v2\/media?parent=1496"}],"curies":[{"name":"wp","href":"https:\/\/api.w.org\/{rel}","templated":true}]}}